{"id":11502,"date":"2019-03-21T15:20:48","date_gmt":"2019-03-21T20:20:48","guid":{"rendered":"https:\/\/iejmcordoba.edu.co\/web\/?page_id=11502"},"modified":"2024-05-07T11:41:49","modified_gmt":"2024-05-07T16:41:49","slug":"nuestro-colegio","status":"publish","type":"page","link":"https:\/\/iejmcordoba.edu.co\/web\/nuestro-colegio\/","title":{"rendered":"Nuestro Colegio"},"content":{"rendered":"<div class=\"wpb-content-wrapper\"><p>[vc_row][vc_column]<div class=\"thim-widget-heading template-base\"><div class=\"sc_heading  text-center\"><h3 style=\"font-size:35px;font-weight:600;\" class=\"title\">Informaci\u00f3n <strong>Institucional<\/strong><\/h3><\/div><\/div>[\/vc_column][\/vc_row][vc_row css=\u00bb.vc_custom_1559531433775{margin-bottom: 15px !important;}\u00bb][vc_column width=\u00bb1\/2&#8243; css=\u00bb.vc_custom_1563285831254{margin-bottom: 30px !important;}\u00bb][vc_column_text]<\/p>\n<h3 class=\"thim-text-title\">Misi\u00f3n<\/h3>\n<p>La Instituci\u00f3n Educativa Jos\u00e9 Mar\u00eda C\u00f3rdoba del municipio de Durania, es una entidad de educaci\u00f3n p\u00fablica que ofrece a la comunidad los niveles de Preescolar, B\u00e1sica Primaria, B\u00e1sica Secundaria, Media T\u00e9cnica y Educaci\u00f3n de J\u00f3venes y Adultos, busca el pleno desarrollo de habilidades y potencialidades por medio de una educaci\u00f3n hol\u00edstica, generando as\u00ed personas capaces de evaluar fen\u00f3menos, solucionar problemas, adaptarse a cualquier ambiente y ser agentes de cambio.[\/vc_column_text][\/vc_column][vc_column width=\u00bb1\/2&#8243; css=\u00bb.vc_custom_1563285823077{margin-bottom: 30px !important;}\u00bb][vc_column_text]<\/p>\n<h3 class=\"thim-text-title\">Visi\u00f3n<\/h3>\n<p>La Instituci\u00f3n Educativa Jos\u00e9 Mar\u00eda C\u00f3rdoba del Municipio de Durania, ser\u00e1 reconocida por su excelencia y calidad en la prestaci\u00f3n del servicio educativo, por su compromiso y liderazgo cultural, cient\u00edfico, tecnol\u00f3gico y tur\u00edstico, incluyendo el fortalecimiento de valores y competencias del ser humano, formando j\u00f3venes emprendedores, competentes y creativos que contribuyan al mejoramiento local, regional y nacional.[\/vc_column_text][\/vc_column][\/vc_row][vc_row][vc_column][vc_tta_tabs][vc_tta_section title=\u00bbFILOSOF\u00cdA Y PRINCIPIOS\u00bb tab_id=\u00bb1553201553661-4cb8a9a4-11b5&#8243;][vc_column_text]<\/p>\n<h3 class=\"thim-text-title\">Filosof\u00eda Institucional<\/h3>\n<p>El enfoque filos\u00f3fico educativo que orienta la formaci\u00f3n de los estudiantes de la Instituci\u00f3n Educativa Jos\u00e9 Mar\u00eda C\u00f3rdoba del municipio de Durania norte de Santander, es un proceso permanente que busca el desarrollo de todas las virtudes y valores del ser y la sociedad, para la construcci\u00f3n de democracia y convivencia social, formando y desarrollando en los estudiantes, formas de pensar, de sentir y de actuar democr\u00e1ticamente a nivel individual, grupal y social que permita construir nuestro proyecto de naci\u00f3n.[\/vc_column_text][\/vc_tta_section][vc_tta_section title=\u00bbMETAS INSTITUCIONALES\u00bb tab_id=\u00bb1553201553639-a4a157b2-0618&#8243;][vc_column_text]Representan lo que se quiere lograr en cada \u00e1rea estrat\u00e9gica en el tiempo que la instituci\u00f3n ha definido, para contribuir eficientemente en la formaci\u00f3n de ni\u00f1as, ni\u00f1os y j\u00f3venes para que hagan de su regi\u00f3n y de su pa\u00eds espacios productivos, competitivos, promoviendo el desarrollo de habilidades, conocimientos y competencias b\u00e1sicas, laborales, ciudadanas para ingresar a la educaci\u00f3n superior y\/o el campo laboral basados en la paz y la convivencia:<\/p>\n<p>\u25cf RESPETO A LA DIGNIDAD HUMANA: El acto educativo se fundamenta en el reconocimiento y aceptaci\u00f3n de las diferencias individuales de todos y cada uno de los miembros de la comunidad educativa, encontrando en cada uno de ellos la presencia viva de Dios.<\/p>\n<p>\u25cf PARTICIPACI\u00d3N DEMOCR\u00c1TICA: Busca construir ambientes que favorezcan la convivencia arm\u00f3nica y el crecimiento integral de todos y cada uno de los miembros de la comunidad, con el fin de incentivar en ellos un compromiso personal, serio y responsable.<\/p>\n<p>\u25cf EQUIDAD: Se manifiesta en cada persona de la Instituci\u00f3n, como una actitud expl\u00edcita en el convivir, que permite dar a cada uno lo que le corresponde y lo que necesita para desarrollarse plenamente y vivir con dignidad.<\/p>\n<p>\u25cf LIBERTAD: favorece el desarrollo de cada persona, de conformidad con el papel que en \u00e9sta desempe\u00f1a. Cada individuo se encuentra en esta Instituci\u00f3n por su propia voluntad y asume las consecuencias de sus decisiones.<\/p>\n<p>\u25cf SERVICIO SOCIAL: Hacer de los educandos, personas comprometidas con la sociedad, Utilizando racionalmente los recursos que le brinda la naturaleza y fomentando campa\u00f1as de cuidado y protecci\u00f3n del medio.<\/p>\n<p>\u25cf AUTONOM\u00cdA: Busca orientar a todos sus integrantes en el libre desarrollo de la personalidad y en la capacidad para asumir con libertad y responsabilidad sus derechos y sus deberes.<\/p>\n<p>\u25cf EXCELENCIA: Implica que cada miembro de la comunidad se comprometa libremente a dar lo mejor de \u201csi\u00bb, trascendiendo los l\u00edmites del compromiso.<\/p>\n<p>\u25cf RESPONSABILIDAD: Busca que cada persona de la comunidad educativa se comprometa y acate con inter\u00e9s sus deberes, desde su rol.[\/vc_column_text][\/vc_tta_section][vc_tta_section title=\u00bbVALORES\u00bb tab_id=\u00bb1715090232378-7e70c9b0-bda4&#8243;][vc_column_text]<\/p>\n<h3 class=\"thim-text-title\">Valores Institucionales<\/h3>\n<p>\u25cf RESPETO: Reconocer y aceptar las diferencias individuales. Buen trato a s\u00ed mismo, a los dem\u00e1s y a su entorno.<br \/>\n\u25cf SOLIDARIDAD: Estar dispuesto y actuar en funci\u00f3n de servir a los dem\u00e1s de manera desinteresada.<br \/>\n\u25cf PERTENENCIA: Valorar, proteger y sentir como propios los bienes privados y p\u00fablicos.<br \/>\n\u25cf PARTICIPACI\u00d3N: Intervenir en forma activa en los procesos que ayudan en la toma democr\u00e1tica de decisiones a nivel institucional.<br \/>\n\u25cf CALIDAD: Es un proceso de mejoramiento continuo que busca satisfacer las necesidades y expectativas de la comunidad educativa<br \/>\n\u25cf EQUIDAD: Es la virtud que nos hace dar a cada uno lo que le corresponde. De cada uno sus capacidades, a cada uno seg\u00fan sus necesidades.<br \/>\n\u25cf PRUDENCIA: Actuar con tacto sin herir a los dem\u00e1s.<br \/>\n\u25cf RESPONSABILIDAD: Obligaci\u00f3n por responder por los compromisos adquiridos y por los resultados a la sociedad.<br \/>\n\u25cf HONESTIDAD: Capacidad de ser equitativo, justo, pulcro, transparente, recto y decoroso en el actual y en el ser.<br \/>\n\u25cf AMISTAD: V\u00ednculo que proporciona la posibilidad de compartir experiencias, conocimientos y facilita la mutua confianza.[\/vc_column_text][\/vc_tta_section][vc_tta_section title=\u00bbPOL\u00cdTICA Y OBJETIVOS DE CALIDAD\u00bb tab_id=\u00bb1553202116208-8d028f78-28a5&#8243;][vc_column_text]<\/p>\n<h3 class=\"thim-text-title\">Pol\u00edtica de Calidad<\/h3>\n<p>La Instituci\u00f3n educativa Jos\u00e9 Mar\u00eda C\u00f3rdoba, est\u00e1 comprometida en ofrecer a su comunidad el Servicio Educativo con calidad en los niveles de Preescolar a Media T\u00e9cnica. Cuenta con un equipo humano cualificado con sentido de pertenencia y apertura al cambio, que siguiendo los principios filos\u00f3ficos orientados a la formaci\u00f3n de personas \u00edntegras, capaces de afrontar, analizar y transformar su mundo interno y su entorno social de manera propositiva, protegiendo el medio ambiente, satisfacer las necesidades y expectativas de la<br \/>\nComunidad Educativa y el continuo mejoramiento del Sistema de Gesti\u00f3n de Calidad.<\/p>\n<h3 class=\"thim-text-title\">Objetivos de Calidad<\/h3>\n<p>\u2713 Ofrecer un servicio educativo de calidad para satisfacer las necesidades y expectativas de los usuarios.<br \/>\n\u2713 Mejorar continuamente los procesos a trav\u00e9s de la evaluaci\u00f3n permanente.<br \/>\n\u2713 Incrementar el uso eficaz y eficiente de los recursos institucionales.<br \/>\n\u2713 Dise\u00f1ar e implementar estrategias de comunicaci\u00f3n, capacitaci\u00f3n, inclusi\u00f3n e interiorizaci\u00f3n de la cultura de calidad en los procesos institucionales.[\/vc_column_text][\/vc_tta_section][vc_tta_section title=\u00bbENFOQUE PEDAG\u00d3GICO\u00bb tab_id=\u00bb1553203450656-a52e943b-1e54&#8243;][vc_column_text]<\/p>\n<h3 class=\"thim-text-title\">Enfoque Pedag\u00f3gico<\/h3>\n<p>La Instituci\u00f3n Educativa asume el modelo pedag\u00f3gico hol\u00edstico con \u00e9nfasis en los enfoques de aprendizaje significativo, aprendizaje cooperativo, y experimental con los siguientes componentes: prop\u00f3sito, principios, conocimiento, aprendizaje, metodolog\u00eda de ense\u00f1anza, evaluaci\u00f3n, concepci\u00f3n de desarrollo humano, relaci\u00f3n maestro-estudiantes y recursos.<\/p>\n<h3 class=\"thim-text-title\">Enfoque Metodol\u00f3gico<\/h3>\n<p>El modelo pedag\u00f3gico hol\u00edstico hace que la metodolog\u00eda de ense\u00f1anza se oriente a trav\u00e9s de t\u00e9cnicas de trabajo en equipo, investigaci\u00f3n en grupo y cooperaci\u00f3n guiada, que privilegian la construcci\u00f3n del conocimiento, el aprendizaje grupal y el autoaprendizaje de acuerdo con las concepciones previas y el desarrollo de las dimensiones humanas de los estudiantes y la did\u00e1ctica de las diferentes \u00e1reas; as\u00ed por ejemplo, las matem\u00e1ticas poseen su propia did\u00e1ctica orientada al desarrollo del pensamiento y el razonamiento l\u00f3gico; diferente a las ciencias sociales, que se orientan al desarrollo de competencias sociales y procesos de cognici\u00f3n para comprender una sociedad altamente diferenciada y globalizada o las<br \/>\nciencias naturales, cuyo m\u00e9todo el cient\u00edfico se orienta al desarrollo del pensamiento cient\u00edfico.[\/vc_column_text][\/vc_tta_section][\/vc_tta_tabs][\/vc_column][\/vc_row][vc_row][vc_column]<div class=\"thim-widget-heading template-base\"><div class=\"sc_heading  text-center\"><h3 class=\"title\">S\u00edmbolos <strong>Institucionales<\/strong><\/h3><\/div><\/div>[vc_row_inner][vc_column_inner width=\u00bb1\/2&#8243;][vc_column_text]<\/p>\n<h3 class=\"thim-text-title\">Bandera<\/h3>\n<p><img loading=\"lazy\" decoding=\"async\" class=\"alignleft\" src=\"https:\/\/iejmcordoba.edu.co\/web\/wp-content\/uploads\/2019\/07\/image001.jpg\" width=\"323\" height=\"196\" \/>Dise\u00f1ada por tres franjas de la siguiente manera: La franja central por un tri\u00e1ngulo cuyo color es amarillo que simboliza la riqueza y sabidur\u00eda de la instituci\u00f3n; el color verde simboliza la virtud, la esperanza y el recto camino que el estudiante cordob\u00e9s debe seguir por los ideales m\u00e1s nobles; el color rojo viene a simbolizar la alegr\u00eda, el nervio de la instituci\u00f3n, la pertenencia que todo miembro de la comunidad educativa debe sentir por su centro de estudios.[\/vc_column_text][\/vc_column_inner][vc_column_inner width=\u00bb1\/2&#8243;][vc_column_text]<\/p>\n<h3 class=\"thim-text-title\">Escudo<\/h3>\n<p><img loading=\"lazy\" decoding=\"async\" class=\"alignleft\" src=\"https:\/\/iejmcordoba.edu.co\/web\/wp-content\/uploads\/2019\/07\/escudo.png\" width=\"201\" height=\"203\" \/>Tiene forma de coraz\u00f3n, sus colores son el amarillo, blanco, verde, marr\u00f3n y bordes negros. Presenta en la parte superior el nombre del colegio en letras.[\/vc_column_text][\/vc_column_inner][\/vc_row_inner][\/vc_column][\/vc_row][vc_row full_width=\u00bbstretch_row_content_no_spaces\u00bb disable_element=\u00bbyes\u00bb css=\u00bb.vc_custom_1563285908793{background-color: #95c5f4 !important;}\u00bb][vc_column][vc_row_inner][vc_column_inner]<div class=\"thim-widget-heading template-base\"><div class=\"sc_heading  text-center\"><h3 class=\"title\"><strong>Himno<\/strong> Institucional<\/h3><span class=\"line\"><\/span><\/div><\/div>[\/vc_column_inner][\/vc_row_inner][vc_row_inner][vc_column_inner width=\u00bb1\/3&#8243;]<div class=\"thim-widget-heading template-base\"><div class=\"sc_heading  text-center\"><h3 class=\"title\">CORO<\/h3><span class=\"line\"><\/span><\/div><\/div>[vc_column_text]<\/p>\n<div style=\"text-align: center;\">coro coro coro<\/div>\n<div style=\"text-align: center;\">coro coro<\/div>\n<div style=\"text-align: center;\">coro coro coro<\/div>\n<div style=\"text-align: center;\"><\/div>\n<p>[\/vc_column_text]<div class=\"thim-widget-heading template-base\"><div class=\"sc_heading  text-center\"><h3 class=\"title\">III<\/h3><span class=\"line\"><\/span><\/div><\/div>[vc_column_text]<\/p>\n<div style=\"text-align: center;\">coro coro coro<\/div>\n<div style=\"text-align: center;\">coro coro<\/div>\n<div style=\"text-align: center;\">coro coro coro<\/div>\n<p>[\/vc_column_text][\/vc_column_inner][vc_column_inner width=\u00bb1\/3&#8243;]<div class=\"thim-widget-heading template-base\"><div class=\"sc_heading  text-center\"><h3 class=\"title\">I<\/h3><span class=\"line\"><\/span><\/div><\/div>[vc_column_text]<\/p>\n<div style=\"text-align: center;\">coro coro coro<\/div>\n<div style=\"text-align: center;\">coro coro<\/div>\n<div style=\"text-align: center;\">coro coro coro<\/div>\n<p>[\/vc_column_text]<div class=\"thim-widget-heading template-base\"><div class=\"sc_heading  text-center\"><h3 class=\"title\">IV<\/h3><span class=\"line\"><\/span><\/div><\/div>[vc_column_text]<\/p>\n<div style=\"text-align: center;\">coro coro coro<\/div>\n<div style=\"text-align: center;\">coro coro<\/div>\n<div style=\"text-align: center;\">coro coro coro<\/div>\n<p>[\/vc_column_text][\/vc_column_inner][vc_column_inner width=\u00bb1\/3&#8243;]<div class=\"thim-widget-heading template-base\"><div class=\"sc_heading  text-center\"><h3 class=\"title\">II<\/h3><span class=\"line\"><\/span><\/div><\/div>[vc_column_text]<\/p>\n<div style=\"text-align: center;\">coro coro coro<\/div>\n<div style=\"text-align: center;\">coro coro<\/div>\n<div style=\"text-align: center;\">coro coro coro<\/div>\n<p>[\/vc_column_text]<div class=\"thim-widget-heading template-base\"><div class=\"sc_heading  text-center\"><h3 class=\"title\">V<\/h3><span class=\"line\"><\/span><\/div><\/div>[vc_column_text]<\/p>\n<div style=\"text-align: center;\">coro coro coro<\/div>\n<div style=\"text-align: center;\">coro coro<\/div>\n<div style=\"text-align: center;\">coro coro coro<\/div>\n<p>[\/vc_column_text][\/vc_column_inner][\/vc_row_inner][\/vc_column][\/vc_row]<\/p>\n<\/div>","protected":false},"excerpt":{"rendered":"<p>[vc_row][vc_column][\/vc_column][\/vc_row][vc_row css=\u00bb.vc_custom_1559531433775{margin-bottom: 15px !important;}\u00bb][vc_column width=\u00bb1\/2&#8243; css=\u00bb.vc_custom_1563285831254{margin-bottom: 30px !important;}\u00bb][vc_column_text] Misi\u00f3n La Instituci\u00f3n Educativa Jos\u00e9 Mar\u00eda C\u00f3rdoba del municipio de Durania, es una entidad de educaci\u00f3n p\u00fablica que ofrece a la comunidad los niveles de Preescolar, B\u00e1sica Primaria, B\u00e1sica Secundaria, Media T\u00e9cnica &hellip; <\/p>\n","protected":false},"author":1,"featured_media":0,"parent":0,"menu_order":0,"comment_status":"closed","ping_status":"closed","template":"","meta":{"footnotes":""},"class_list":["post-11502","page","type-page","status-publish","hentry"],"_links":{"self":[{"href":"https:\/\/iejmcordoba.edu.co\/web\/wp-json\/wp\/v2\/pages\/11502","targetHints":{"allow":["GET"]}}],"collection":[{"href":"https:\/\/iejmcordoba.edu.co\/web\/wp-json\/wp\/v2\/pages"}],"about":[{"href":"https:\/\/iejmcordoba.edu.co\/web\/wp-json\/wp\/v2\/types\/page"}],"author":[{"embeddable":true,"href":"https:\/\/iejmcordoba.edu.co\/web\/wp-json\/wp\/v2\/users\/1"}],"replies":[{"embeddable":true,"href":"https:\/\/iejmcordoba.edu.co\/web\/wp-json\/wp\/v2\/comments?post=11502"}],"version-history":[{"count":9,"href":"https:\/\/iejmcordoba.edu.co\/web\/wp-json\/wp\/v2\/pages\/11502\/revisions"}],"predecessor-version":[{"id":11901,"href":"https:\/\/iejmcordoba.edu.co\/web\/wp-json\/wp\/v2\/pages\/11502\/revisions\/11901"}],"wp:attachment":[{"href":"https:\/\/iejmcordoba.edu.co\/web\/wp-json\/wp\/v2\/media?parent=11502"}],"curies":[{"name":"wp","href":"https:\/\/api.w.org\/{rel}","templated":true}]}}